{"id":1233,"date":"2024-04-05T16:27:52","date_gmt":"2024-04-05T14:27:52","guid":{"rendered":"https:\/\/www.autismohelp.it\/?page_id=1233"},"modified":"2024-04-05T17:06:17","modified_gmt":"2024-04-05T15:06:17","slug":"privacy","status":"publish","type":"page","link":"https:\/\/www.autismohelp.it\/?page_id=1233","title":{"rendered":"Privacy"},"content":{"rendered":"\n<p class=\"has-medium-font-size\"><strong>INFORMAZIONI SULLA PRIVACY<\/strong><\/p>\n\n\n\n<p><strong>(<em>ex art. 13 del Regolamento Europeo n. 679 del 2016<\/em>)<\/strong><\/p>\n\n\n\n<p>Nel rispetto dell\u2019art. 13 del Regolamento Europeo n. 679 del 2016 (di seguito, il \u201c<strong>Regolamento privacy<\/strong>\u201d) e del D.Lgs. 30 giugno 2003, n. 196, come modificato dal D.Lgs. 10 agosto 2018, n. 101 (di seguito, il \u201c<strong>Codice privacy<\/strong>\u201d) ove ancora applicabile, desideriamo informarLa che, per la realizzazione delle finalit\u00e0 indicate nella liberatoria sopra indicata, <strong>AUTISMO HELP CUNEO Odv<\/strong> raccoglie e tratta dati personali che riguardano il minore\/maggiorenne&nbsp; (di seguito, l\u2019\u201c<strong>Interessato<\/strong>\u201d).<\/p>\n\n\n\n<ol class=\"wp-block-list\">\n<li><strong>Titolare, Responsabili del trattamento dei dati e Responsabile della Protezione dei Dati.<\/strong><\/li>\n<\/ol>\n\n\n\n<p><strong>AUTISMO HELP CUNEO Odv<\/strong>, con sede legale in Mondov\u00ec, Strada dei Comini 9 codice fiscale 93035070049, telefono 334 7378594, indirizzo mail amministrazione@autismohelp.it<\/p>\n\n\n\n<p>L\u2019elenco aggiornato dei Responsabili del trattamento, ove designati, pu\u00f2 essere fornito su richiesta dell\u2019Interessato.<\/p>\n\n\n\n<ul class=\"wp-block-list\">\n<li><strong>Finalit\u00e0 e modalit\u00e0 del trattamento.<\/strong><\/li>\n<\/ul>\n\n\n\n<p>I dati personali dell\u2019Interessato sono trattati nell\u2019ambito della normale attivit\u00e0 di 334 7378594 per il perseguimento delle seguenti finalit\u00e0:<\/p>\n\n\n\n<p>(i) per realizzare ed utilizzare immagini, fotografie e riprese audiovideo, nonch\u00e9 pubblicare il nome dell\u2019Interessato, per gli scopi meglio descritti nella liberatoria;<\/p>\n\n\n\n<p>(ii) per adempiere o per esigere l\u2019adempimento di specifici obblighi contrattuali e legislativi o per eseguire specifici compiti previsti da leggi, da normative comunitarie o da regolamenti;<\/p>\n\n\n\n<p>(iii) per far valere o difendere un diritto, anche da parte di un terzo, in sede giudiziaria, nonch\u00e9 in sede amministrativa o nelle procedure di arbitrato e di conciliazione nei casi previsti dalla legge e dalla normativa comunitaria.<\/p>\n\n\n\n<p>In relazione alle indicate finalit\u00e0, il trattamento dei dati personali avviene da parte di soggetti specificamente Designati, autorizzati ed istruiti al trattamento ai sensi dell\u2019art. 2-<em>quaterdecies<\/em>&nbsp;del Codice privacy e dell\u2019art. 29 del Regolamento privacy, nonch\u00e9 anche mediante soggetti esterni, i quali possono assumere la qualifica di autonomi Titolari del trattamento oppure essere designati per iscritto Responsabili del trattamento; in ogni caso, il trattamento verr\u00e0 effettuato mediante strumenti manuali, informatici e telematici, con logiche strettamente correlate alle finalit\u00e0 e comunque in modo da garantire la riservatezza e la sicurezza dei dati personali e nel pieno e pi\u00f9 assoluto rispetto della normativa vigente in materia.<\/p>\n\n\n\n<ul class=\"wp-block-list\">\n<li><strong>Natura obbligatoria o facoltativa del conferimento dei dati, conseguenze di un eventuale rifiuto e base giuridica del trattamento.<\/strong><\/li>\n<\/ul>\n\n\n\n<p>Con riferimento alle sopra descritte finalit\u00e0, il conferimento dei dati personali dell\u2019Interessato \u00e8 facoltativo, ma in sua assenza si determinerebbe l\u2019impossibilit\u00e0 di realizzare ed utilizzare immagini, fotografie e riprese audiovideo dell\u2019Interessato, nonch\u00e9 pubblicare il suo nome.<\/p>\n\n\n\n<p>Pertanto, circa la finalit\u00e0 di cui al punto (i) del precedente paragrafo 2, la base giuridica del trattamento \u00e8 il consenso dell\u2019Interessato (ai sensi dell\u2019art. 6, comma 1, lett. a) del Regolamento privacy); una volta espresso il consenso per la finalit\u00e0 di cui al punto (i) del precedente paragrafo 2, circa le successive finalit\u00e0 di cui ai punti (ii) e (iii), la base giuridica del trattamento \u00e8 l\u2019adempimento di obblighi legali ai quali \u00e8 soggetto il Titolare del trattamento (ai sensi dell\u2019art. 6, comma 1, lett. c) del Regolamento privacy).<\/p>\n\n\n\n<ul class=\"wp-block-list\">\n<li><strong>A chi e in che ambito possiamo trasmettere i dati personali dell\u2019Interessato.<\/strong><\/li>\n<\/ul>\n\n\n\n<p>In relazione alle finalit\u00e0 del trattamento sopra indicate, e nei limiti strettamente pertinenti alle medesime, le immagini, fotografie e riprese audiovideo dell\u2019Interessato, nonch\u00e9 la pubblicazione del nome, potranno diffusi o pubblicati.<\/p>\n\n\n\n<p>Inoltre, gli altri dati personali dell\u2019Interessato diversi da quelli pubblicati, saranno o potranno essere comunicati, in Italia o comunque all\u2019interno della UE, ai seguenti soggetti:<\/p>\n\n\n\n<p>(i) alle Pubbliche Autorit\u00e0 per adempiere ad obblighi di legge;<\/p>\n\n\n\n<p>(ii) alle strutture e\/o societ\u00e0 esterne di cui&nbsp;<strong>AUTISMO HELP CUNEO Odv<\/strong>&nbsp;si avvale, preposte allo svolgimento di attivit\u00e0 connesse, strumentali o conseguenti alle finalit\u00e0 della liberatoria;&nbsp;<\/p>\n\n\n\n<p>(iii) ai consulenti esterni, se non designati per iscritto Responsabili del trattamento.<\/p>\n\n\n\n<p>Infine, le immagini, fotografie e riprese audiovideo dell\u2019Interessato, previo suo esplicito e separato consenso, potranno essere trasferiti all\u2019organizzazione senza scopo di lucro CON I BAMBINI Impresa sociale S.r.l., nonch\u00e9 a istituzioni e media, sempre per finalit\u00e0 non commerciali e al solo fine di promuovere le attivit\u00e0 istituzionali legate al progetto.<\/p>\n\n\n\n<p>I soggetti sopra indicati, ai quali i dati personali dell\u2019Interessato saranno o potranno essere comunicati (in quanto non designati per iscritto Responsabili del trattamento), tratteranno i dati personali in qualit\u00e0 di Titolari del trattamento ai sensi del Regolamento privacy, in piena autonomia, essendo estranei all\u2019originario trattamento eseguito da&nbsp;<strong>AUTISMO HELP CUNEO Odv<\/strong>.<\/p>\n\n\n\n<p>Un elenco dettagliato e costantemente aggiornato di questi soggetti, con l\u2019indicazione delle rispettive sedi, \u00e8 sempre disponibile presso la sede di&nbsp;<strong>AUTISMO HELP CUNEO Odv<\/strong>.<\/p>\n\n\n\n<p>I dati personali dell\u2019Interessato diversi dalle riprese dell\u2019immagine e della voce, nonch\u00e9 dalla pubblicazione del nome, non saranno oggetto di diffusione.<\/p>\n\n\n\n<ul class=\"wp-block-list\">\n<li><strong>I diritti dell\u2019Interessato.<\/strong><\/li>\n<\/ul>\n\n\n\n<p>Gli art. 15 e segg. del Regolamento privacy conferiscono all\u2019Interessato il diritto di ottenere:<\/p>\n\n\n\n<ul class=\"wp-block-list\">\n<li>la conferma dell\u2019esistenza o meno di dati personali che lo riguardano, anche se non ancora registrati, e la loro comunicazione in forma intelligibile;<\/li>\n\n\n\n<li>l\u2019indicazione dell\u2019origine dei dati personali, delle finalit\u00e0 e modalit\u00e0 del trattamento, della logica applicata in caso di trattamento effettuato con l\u2019ausilio di strumenti elettronici, degli estremi identificativi del titolare;<\/li>\n\n\n\n<li>l\u2019aggiornamento, rettifica, integrazione, cancellazione, trasformazione in forma anonima o il blocco dei dati trattati in violazione di legge &#8211; compresi quelli di cui non \u00e8 necessaria la conservazione in relazione agli scopi per i quali i dati sono raccolti o successivamente trattati -, l\u2019attestazione che tali operazioni sono state portate a conoscenza, anche per quanto riguarda il loro contenuto, di coloro ai quali i dati sono stati comunicati o diffusi, eccettuato il caso in cui tale adempimento si riveli impossibile o comporti un impiego di mezzi manifestamente sproporzionato rispetto al diritto tutelato.<\/li>\n<\/ul>\n\n\n\n<p>L\u2019Interessato ha inoltre il diritto:<\/p>\n\n\n\n<ul class=\"wp-block-list\">\n<li>di revocare in qualsiasi momento il consenso (ove prestato) al trattamento dei dati personali (senza pregiudizio della liceit\u00e0 del trattamento basata sul consenso prestato prima della revoca);<\/li>\n\n\n\n<li>di opporsi, in tutto o in parte, per motivi legittimi, al trattamento dei dati personali che lo riguardano, ancorch\u00e9 pertinenti allo scopo della raccolta;<\/li>\n\n\n\n<li>di opporsi, in tutto o in parte al trattamento di dati personali che lo riguardano a fini di invio di materiale pubblicitario o di vendita diretta o per il compimento di ricerche di mercato o di comunicazione commerciale;<\/li>\n\n\n\n<li>di proporre reclamo al Garante per la protezione dei dati personali nei casi previsti dal Regolamento privacy.<\/li>\n<\/ul>\n\n\n\n<p>Per esercitare i diritti di cui agli artt. 15 e segg. del Regolamento privacy, l\u2019Interessato, nelle modalit\u00e0 stabilite dall\u2019art. 12 del Regolamento privacy e nei limiti stabiliti dall\u2019art. 2-<em>undecies<\/em>&nbsp;del Codice privacy, pu\u00f2 rivolgersi a&nbsp;<strong>AUTISMO HELP CUNEO Odv<\/strong>, in qualit\u00e0 di Titolare del trattamento, ai recapiti sopra indicati.<\/p>\n\n\n\n<ul class=\"wp-block-list\">\n<li><strong>Misure di sicurezza.<\/strong><\/li>\n<\/ul>\n\n\n\n<p>I dati personali dell\u2019Interessato sono trattati nel rispetto della legge applicabile ed utilizzando adeguate misure di sicurezza, in ossequio alla normativa in vigore anche ai sensi degli artt. 5 e 32 del Regolamento privacy.<\/p>\n\n\n\n<p>In merito, si conferma, tra l\u2019altro, l\u2019adozione di opportune misure di sicurezza volte ad impedire accessi non autorizzati, furto, divulgazione, modifica o distruzione non autorizzata dei dati dell\u2019Interessato.<\/p>\n\n\n\n<ul class=\"wp-block-list\">\n<li><strong>Durata.<\/strong><\/li>\n<\/ul>\n\n\n\n<p>I dati dell\u2019Interessato diversi da quelli pubblicati verranno conservati da&nbsp;<strong>AUTISMO HELP CUNEO Odv<\/strong>&nbsp;per il periodo di tempo strettamente necessario a garantire il corretto perseguimento delle finalit\u00e0 della liberatoria medesima, salva la necessit\u00e0 di conservazione per un periodo pi\u00f9 lungo in osservanza della normativa vigente.<\/p>\n\n\n\n<p><\/p>\n","protected":false},"excerpt":{"rendered":"<p>INFORMAZIONI SULLA PRIVACY (ex art. 13 del Regolamento Europeo n. 679 del 2016) Nel rispetto dell\u2019art. 13 del Regolamento Europeo n. 679 del 2016 (di seguito, il \u201cRegolamento privacy\u201d) e del D.Lgs. 30 giugno 2003, n. 196, come modificato dal D.Lgs. 10 agosto 2018, n. 101 (di seguito, il \u201cCodice privacy\u201d) ove ancora applicabile, desideriamo [&hellip;]<\/p>\n","protected":false},"author":1,"featured_media":0,"parent":0,"menu_order":0,"comment_status":"closed","ping_status":"closed","template":"","meta":{"footnotes":""},"class_list":["post-1233","page","type-page","status-publish","h-entry","hentry","h-as-page"],"_links":{"self":[{"href":"https:\/\/www.autismohelp.it\/index.php?rest_route=\/wp\/v2\/pages\/1233","targetHints":{"allow":["GET"]}}],"collection":[{"href":"https:\/\/www.autismohelp.it\/index.php?rest_route=\/wp\/v2\/pages"}],"about":[{"href":"https:\/\/www.autismohelp.it\/index.php?rest_route=\/wp\/v2\/types\/page"}],"author":[{"embeddable":true,"href":"https:\/\/www.autismohelp.it\/index.php?rest_route=\/wp\/v2\/users\/1"}],"replies":[{"embeddable":true,"href":"https:\/\/www.autismohelp.it\/index.php?rest_route=%2Fwp%2Fv2%2Fcomments&post=1233"}],"version-history":[{"count":8,"href":"https:\/\/www.autismohelp.it\/index.php?rest_route=\/wp\/v2\/pages\/1233\/revisions"}],"predecessor-version":[{"id":1243,"href":"https:\/\/www.autismohelp.it\/index.php?rest_route=\/wp\/v2\/pages\/1233\/revisions\/1243"}],"wp:attachment":[{"href":"https:\/\/www.autismohelp.it\/index.php?rest_route=%2Fwp%2Fv2%2Fmedia&parent=1233"}],"curies":[{"name":"wp","href":"https:\/\/api.w.org\/{rel}","templated":true}]}}