{"id":149,"date":"2014-06-06T09:47:19","date_gmt":"2014-06-06T07:47:19","guid":{"rendered":"http:\/\/www.autismohelp.it\/?page_id=149"},"modified":"2025-03-07T18:13:21","modified_gmt":"2025-03-07T17:13:21","slug":"chi-siamo","status":"publish","type":"page","link":"https:\/\/www.autismohelp.it\/?page_id=149","title":{"rendered":"Progetti ed eventi"},"content":{"rendered":"<p>La nostra associazione promuove diversi progetti e organizza eventi nel territorio monregalese e cuneese per sensibilizzare le persone sulla tematica dell&#8217;autismo.<\/p>\n<p>Tra gli ultimi progetti realizzati:<\/p>\n<p><a href=\"http:\/\/www.autismohelp.it\/wp-content\/uploads\/2025\/03\/Schermata-2025-03-07-alle-00.53.49.png\"><img loading=\"lazy\" decoding=\"async\" class=\"aligncenter size-full wp-image-1298\" src=\"http:\/\/www.autismohelp.it\/wp-content\/uploads\/2025\/03\/Schermata-2025-03-07-alle-00.53.49.png\" alt=\"\" width=\"1445\" height=\"808\" srcset=\"https:\/\/www.autismohelp.it\/wp-content\/uploads\/2025\/03\/Schermata-2025-03-07-alle-00.53.49.png 1445w, https:\/\/www.autismohelp.it\/wp-content\/uploads\/2025\/03\/Schermata-2025-03-07-alle-00.53.49-300x168.png 300w, https:\/\/www.autismohelp.it\/wp-content\/uploads\/2025\/03\/Schermata-2025-03-07-alle-00.53.49-1024x573.png 1024w, https:\/\/www.autismohelp.it\/wp-content\/uploads\/2025\/03\/Schermata-2025-03-07-alle-00.53.49-768x429.png 768w, https:\/\/www.autismohelp.it\/wp-content\/uploads\/2025\/03\/Schermata-2025-03-07-alle-00.53.49-668x374.png 668w\" sizes=\"auto, (max-width: 1445px) 100vw, 1445px\" \/><\/a><\/p>\n<p><strong>&#8220;Diversi alla Terza&#8221;<\/strong> \u00e8 un cortometraggio prodotto da Autismo Help e realizzato in collaborazione con il Dipartimento di Multimedia dell&#8217;Accademia di Belle Arti di Cuneo e con la Scuola Media Statale &#8220;V. Peyrone&#8221; di Morozzo.<\/p>\n<p>Il video, girato in soggettiva dai ragazzi della classe 3\u00b0B nella primavera del 2024, tratta il tema dell&#8217;inclusione invitando a riflettere sulla diversit\u00e0 non come un fattore negativo ma bens\u00ec come una straordinaria opportunit\u00e0 di crescita, un confronto quotidiano tra realt\u00e0 diverse che si trasforma in una risorsa importante nella vita di ognuno. L&#8217;esperienza vissuta con un compagno nello spettro autistico diventa quindi un&#8217;occasione per capire e vedere il mondo attraverso occhi nuovi che aprono mille finestre su un futuro dove la societ\u00e0 ascolta, accoglie e condivide senza lasciare indietro nessuno.<\/p>\n<p>Il video <strong>&#8220;Diversi alla Terza&#8221;<\/strong> pu\u00f2 essere visionato gratuitamente per le scuole che ne fanno richiesta attraverso la compilazione di questo modulo online: <a href=\"https:\/\/forms.gle\/T427VLXbvcYwqZPe7\" target=\"_blank\" rel=\"noopener\">Vai al Modulo di richiesta video &#8220;Diversi alla Terza&#8221;<\/a><\/p>\n<p><a href=\"http:\/\/www.autismohelp.it\/wp-content\/uploads\/2025\/03\/Schermata-2025-03-07-alle-00.53.49.png\"><br \/><\/a> <a href=\"http:\/\/www.autismohelp.it\/wp-content\/uploads\/2025\/03\/Schermata-2025-03-07-alle-00.54.56.png\"><img loading=\"lazy\" decoding=\"async\" class=\"aligncenter size-full wp-image-1299\" src=\"http:\/\/www.autismohelp.it\/wp-content\/uploads\/2025\/03\/Schermata-2025-03-07-alle-00.54.56.png\" alt=\"\" width=\"1446\" height=\"814\" srcset=\"https:\/\/www.autismohelp.it\/wp-content\/uploads\/2025\/03\/Schermata-2025-03-07-alle-00.54.56.png 1446w, https:\/\/www.autismohelp.it\/wp-content\/uploads\/2025\/03\/Schermata-2025-03-07-alle-00.54.56-300x169.png 300w, https:\/\/www.autismohelp.it\/wp-content\/uploads\/2025\/03\/Schermata-2025-03-07-alle-00.54.56-1024x576.png 1024w, https:\/\/www.autismohelp.it\/wp-content\/uploads\/2025\/03\/Schermata-2025-03-07-alle-00.54.56-768x432.png 768w, https:\/\/www.autismohelp.it\/wp-content\/uploads\/2025\/03\/Schermata-2025-03-07-alle-00.54.56-668x376.png 668w\" sizes=\"auto, (max-width: 1446px) 100vw, 1446px\" \/><\/a><\/p>\n\n\n<p><\/p>\n","protected":false},"excerpt":{"rendered":"<p>La nostra associazione promuove diversi progetti e organizza eventi nel territorio monregalese e cuneese per sensibilizzare le persone sulla tematica dell&#8217;autismo. Tra gli ultimi progetti realizzati: &#8220;Diversi alla Terza&#8221; \u00e8 un cortometraggio prodotto da Autismo Help e realizzato in collaborazione con il Dipartimento di Multimedia dell&#8217;Accademia di Belle Arti di Cuneo e con la Scuola [&hellip;]<\/p>\n","protected":false},"author":1,"featured_media":0,"parent":0,"menu_order":0,"comment_status":"open","ping_status":"closed","template":"","meta":{"footnotes":""},"class_list":["post-149","page","type-page","status-publish","h-entry","hentry","h-as-page"],"_links":{"self":[{"href":"https:\/\/www.autismohelp.it\/index.php?rest_route=\/wp\/v2\/pages\/149","targetHints":{"allow":["GET"]}}],"collection":[{"href":"https:\/\/www.autismohelp.it\/index.php?rest_route=\/wp\/v2\/pages"}],"about":[{"href":"https:\/\/www.autismohelp.it\/index.php?rest_route=\/wp\/v2\/types\/page"}],"author":[{"embeddable":true,"href":"https:\/\/www.autismohelp.it\/index.php?rest_route=\/wp\/v2\/users\/1"}],"replies":[{"embeddable":true,"href":"https:\/\/www.autismohelp.it\/index.php?rest_route=%2Fwp%2Fv2%2Fcomments&post=149"}],"version-history":[{"count":26,"href":"https:\/\/www.autismohelp.it\/index.php?rest_route=\/wp\/v2\/pages\/149\/revisions"}],"predecessor-version":[{"id":1304,"href":"https:\/\/www.autismohelp.it\/index.php?rest_route=\/wp\/v2\/pages\/149\/revisions\/1304"}],"wp:attachment":[{"href":"https:\/\/www.autismohelp.it\/index.php?rest_route=%2Fwp%2Fv2%2Fmedia&parent=149"}],"curies":[{"name":"wp","href":"https:\/\/api.w.org\/{rel}","templated":true}]}}