{"id":7,"date":"2013-05-24T17:43:43","date_gmt":"2013-05-24T15:43:43","guid":{"rendered":"http:\/\/www.autismohelp.it\/?page_id=7"},"modified":"2018-04-11T23:33:10","modified_gmt":"2018-04-11T21:33:10","slug":"lassociazione","status":"publish","type":"page","link":"https:\/\/www.autismohelp.it\/?page_id=7","title":{"rendered":"Autismo Help Cuneo"},"content":{"rendered":"<h2><em><b>Associazione in difesa dei soggetti autistici<\/b><\/em><\/h2>\n<p>Lo scopo dichiarato del nostro sodalizio \u00e8 la tutela dei soggetti autistici e dei loro diritti ispirandoci alla Carta dei Diritti presentata dall\u2019Associazione Internazionale Autisme Europe e adottata dal Parlamento europeo nel maggio 1996.<br \/>\nIl problema dell\u2019autismo \u00e8 stato sottovalutato per anni in Italia e in Piemonte, al punto che, in molte situazioni questa patologia non veniva neppure diagnosticata. Si pensi che in Piemonte sino a pochi anni fa venivano individuati meno di 3 mila casi di soggetti autistici a fronte di un numero stimato di 8 mila. Si tratta, insomma, di una sindrome sempre pi\u00f9 diffusa che crea problemi di incredibile portata per la famiglia, la scuola, la societ\u00e0. Il bambino autistico, infatti, \u00e8 un soggetto sensibile, talvolta di intelligenza normale, comunque spesso dotato di particolari abilit\u00e0. A questo, purtroppo, si associano atteggiamenti patologici legati ad un grave handicap di relazione, spesso associato a deficit cognitivo, a difficolt\u00e0 nel linguaggio, ad aggressivit\u00e0, all\u2019isolamento con atteggiamenti autoconsolatori o autopunitivi.<br \/>\nLa prima conseguenza \u00e8 la necessit\u00e0 di una costante assistenza a questo tipo di malato che non pu\u00f2 essere lasciato solo neppure per un momento e che condiziona pesantemente la vita dell\u2019intero nucleo familiare.Pur non essendo un gruppo di Auto mutuo aiuto curiamo ed approfondiamo i rapporti interpersonali fra gli associati confrontandoci su problemi e soluzioni.<br \/>\nDa vari anni nell\u2019Asl 16 (poi Asl Cn 1) \u00e8 stato attivato un progetto di sostegno alle famiglie nel periodo extrascolastico. Il progetto ha come scopo principale aiutare le famiglie a favorire l\u2019inserimento del ragazzo nel contesto \u201cnormale\u201d. Gi\u00e0 un primo intervento domiciliare venne attivato con il progetto \u201cIl Bambino che scende dalla Luna\u201d nel 1998, trasformato, poi, in \u201cSettimana Attiva\u201d nel 2002. L\u2019idea di fondo \u00e8 semplice ed ha dato, in questi anni, ottimi risultati: fare in modo che il ragazzo autistico possa inserire un\u2019attivit\u00e0 di socializzazione e di crescita nell\u2019ambito della settimana, coordinandola, magari, con il percorso di integrazione svolto nell\u2019orario scolastico.<br \/>\nNella sostanza si garantiva al ragazzo di poter seguire diverse attivit\u00e0 di integrazione, ma sempre seguito da una figura di riferimento (psicologo) capace di favorire la relazione e di intervenire nei momenti critici (stereotipie, chiusura, autoaggressivit\u00e0 e aggressivit\u00e0) che si possono presentare quando il ragazzo si trova a contatto con il contesto sociale.<br \/>\nNel 2007 Autismo Help (diventando Onlus) ha deciso di dare maggiore organicit\u00e0 al progetto gestendolo in proprio, in accordo, ovviamente, con l\u2019Asl e con il responsabile territoriale per l\u2019Autismo dottor Maurizio Arduino. Grazie a finanziamenti della Fondazione Crc e dell\u2019Asl stessa abbiamo attivato dal 2007 un progetto annuale con due operatori, diventati negli anni successivi 4.<br \/>\nL\u2019associazione si \u00e8 anche occupata di manifestazioni pubbliche, convegni, corsi. Importante il rapporto con le istituzioni (specialmente scolastiche), con l\u2019Asl e l\u2019attivit\u00e0 di informazione sull\u2019autismo.<br \/>\nAd ottobre 2016 \u00e8 stato presentato, in un convegno organizzato a Mondov\u00ec, presso l&#8217;aula magna del Politecnico, il progetto <strong>&#8220;Amici Speciali&#8221;<\/strong> interamente ideato e curato dall&#8217;associazione Autismo Help Cuneo con la collaborazione del C.A.S.A. (Centro Autismo e Sindrome di Asperger) diretto dal dr. Arduino e patrocinato dal MIUR. Il progetto \u00e8 dedicato alle scuole Primaria e dell&#8217;Infanzia e si propine di supportare l&#8217;insegnante nel non facile compito di spiegare la difficile realt\u00e0 di questa sindrome ai compagni di scuola del bambino affetto da disturbi del comportamento. Lo strumento utilizzato \u00e8 una breve storia illustrata (adatta a bambini dai 4 anni in su) su di un libretto che viene consegnato gratuitamente ad ogni bambino della classe. Correlato alla storia vi \u00e8 inoltre un&#8217;iniziativa interattiva per le scuole intitolata &#8220;Un Mosaico di classe&#8221; che invita le classi a presentare un elaborato creativo collettivo che verr\u00e0 messo in mostra durante e in onore della &#8220;Giornata Mondiale della Consapevolezza dell&#8217;Autismo&#8221;. Per approfondimenti sul progetto &#8220;Amici Speciali&#8221;: segreteria@autismohelp.it<\/p>\n<p style=\"text-align: center;\">Per informazioni sulle attivit\u00e0 e le iniziative dell&#8217;Associazione scrivete una mail a: <strong>info@autismohelp.it<\/strong><\/p>\n<p style=\"text-align: center;\"><em>Associazione di Volontariato registrata il 2\/2\/2001\u00a0presso l\u2019Agenzia delle Entrate di Mondov\u00ec, n\u00b0 57 mod. III E.<\/em><\/p>\n<p style=\"text-align: center;\"><em id=\"__mceDel\">Trasformata in Onlus in data 11\/8\/2006, prot. 2006\/43135<\/em><\/p>\n<p style=\"text-align: center;\"><em id=\"__mceDel\">Sede: Strada dei Comini, 9 12084 Mondov\u00ec<br \/>\nCodice fiscale: 93035070049 \u2013 Partita Iva 03378140044<\/em><\/p>\n<p style=\"text-align: center;\">Estremi per eventuali bonifici:<\/p>\n<p style=\"text-align: center;\">Banca Alpi Marittime &#8211; Cred. Coop Carr\u00f9 &#8211; filiale Mondov\u00ec Breo<\/p>\n<p style=\"text-align: center;\"><span style=\"color: #000000;\">Cod. IBAN<\/span><strong><span style=\"color: #000000;\"> IT98 F084 5046 4800 0000 0017 349<\/span><\/strong><\/p>\n","protected":false},"excerpt":{"rendered":"<p>Associazione in difesa dei soggetti autistici Lo scopo dichiarato del nostro sodalizio \u00e8 la tutela dei soggetti autistici e dei loro diritti ispirandoci alla Carta dei Diritti presentata dall\u2019Associazione Internazionale Autisme Europe e adottata dal Parlamento europeo nel maggio 1996. Il problema dell\u2019autismo \u00e8 stato sottovalutato per anni in Italia e in Piemonte, al punto [&hellip;]<\/p>\n","protected":false},"author":1,"featured_media":0,"parent":0,"menu_order":0,"comment_status":"open","ping_status":"open","template":"","meta":{"footnotes":""},"class_list":["post-7","page","type-page","status-publish","h-entry","hentry","h-as-page"],"_links":{"self":[{"href":"https:\/\/www.autismohelp.it\/index.php?rest_route=\/wp\/v2\/pages\/7","targetHints":{"allow":["GET"]}}],"collection":[{"href":"https:\/\/www.autismohelp.it\/index.php?rest_route=\/wp\/v2\/pages"}],"about":[{"href":"https:\/\/www.autismohelp.it\/index.php?rest_route=\/wp\/v2\/types\/page"}],"author":[{"embeddable":true,"href":"https:\/\/www.autismohelp.it\/index.php?rest_route=\/wp\/v2\/users\/1"}],"replies":[{"embeddable":true,"href":"https:\/\/www.autismohelp.it\/index.php?rest_route=%2Fwp%2Fv2%2Fcomments&post=7"}],"version-history":[{"count":11,"href":"https:\/\/www.autismohelp.it\/index.php?rest_route=\/wp\/v2\/pages\/7\/revisions"}],"predecessor-version":[{"id":774,"href":"https:\/\/www.autismohelp.it\/index.php?rest_route=\/wp\/v2\/pages\/7\/revisions\/774"}],"wp:attachment":[{"href":"https:\/\/www.autismohelp.it\/index.php?rest_route=%2Fwp%2Fv2%2Fmedia&parent=7"}],"curies":[{"name":"wp","href":"https:\/\/api.w.org\/{rel}","templated":true}]}}